{"id":6168,"date":"2017-09-26T19:51:48","date_gmt":"2017-09-26T19:51:48","guid":{"rendered":"http:\/\/concepciondeloro.org.mx\/?page_id=6168"},"modified":"2017-09-29T19:51:56","modified_gmt":"2017-09-29T19:51:56","slug":"transparencia","status":"publish","type":"page","link":"https:\/\/concepciondeloro.org.mx\/?page_id=6168","title":{"rendered":"Transparencia"},"content":{"rendered":"<p>&nbsp;<\/p>\n<div class=\"pure-g pure-c\">\n<div class=\"pure-u-12-12 l-box\">\n<article class=\"introduction__box\">\n<h1 style=\"text-align: center;\"><\/h1>\n<h1 style=\"text-align: center;\">Portal de Transparencia<\/h1>\n<p class=\"introduction__box--info\">El Ayuntamiento del municipio de\u00a0<strong>Concepci\u00f3n\u00a0del Oro, Zacatecas<\/strong>\u00a0tiene como objetivo garantizar la transparencia y as\u00ed dar cumplimiento a lo estipulado por la Ley de Transparencia y Acceso a la Informaci\u00f3n P\u00fablica del Estado de Zacatecas.<\/p>\n<p><center><a title=\"Obligaciones de Transparencia\" href=\"http:\/\/consultapublicamx.inai.org.mx:8080\/vut-web\/?idSujetoObigadoParametro=5907&amp;idEntidadParametro=32&amp;idSectorParametro=26\"><img loading=\"lazy\" decoding=\"async\" src=\"http:\/\/transparencia.gobiernodeguadalupe.gob.mx\/content\/media\/SIPOT2.jpg\" alt=\"Obligaciones de Transparencia - SIPOT\" width=\"230\" height=\"100\" \/><\/a><\/center>&nbsp;<\/p>\n<\/article>\n<\/div>\n<\/div>\n","protected":false},"excerpt":{"rendered":"<p>&nbsp; Portal de Transparencia El Ayuntamiento del municipio de\u00a0Concepci\u00f3n\u00a0del Oro, Zacatecas\u00a0tiene como objetivo garantizar la transparencia y as\u00ed dar cumplimiento a lo estipulado por la Ley de Transparencia y Acceso a la Informaci\u00f3n P\u00fablica del Estado de Zacatecas. &nbsp;<\/p>\n","protected":false},"author":232,"featured_media":0,"parent":0,"menu_order":0,"comment_status":"closed","ping_status":"closed","template":"","meta":{"footnotes":""},"class_list":["post-6168","page","type-page","status-publish","hentry"],"_links":{"self":[{"href":"https:\/\/concepciondeloro.org.mx\/index.php?rest_route=\/wp\/v2\/pages\/6168","targetHints":{"allow":["GET"]}}],"collection":[{"href":"https:\/\/concepciondeloro.org.mx\/index.php?rest_route=\/wp\/v2\/pages"}],"about":[{"href":"https:\/\/concepciondeloro.org.mx\/index.php?rest_route=\/wp\/v2\/types\/page"}],"author":[{"embeddable":true,"href":"https:\/\/concepciondeloro.org.mx\/index.php?rest_route=\/wp\/v2\/users\/232"}],"replies":[{"embeddable":true,"href":"https:\/\/concepciondeloro.org.mx\/index.php?rest_route=%2Fwp%2Fv2%2Fcomments&post=6168"}],"version-history":[{"count":4,"href":"https:\/\/concepciondeloro.org.mx\/index.php?rest_route=\/wp\/v2\/pages\/6168\/revisions"}],"predecessor-version":[{"id":6322,"href":"https:\/\/concepciondeloro.org.mx\/index.php?rest_route=\/wp\/v2\/pages\/6168\/revisions\/6322"}],"wp:attachment":[{"href":"https:\/\/concepciondeloro.org.mx\/index.php?rest_route=%2Fwp%2Fv2%2Fmedia&parent=6168"}],"curies":[{"name":"wp","href":"https:\/\/api.w.org\/{rel}","templated":true}]}}