{"id":6162,"date":"2017-09-26T19:41:25","date_gmt":"2017-09-26T19:41:25","guid":{"rendered":"http:\/\/concepciondeloro.org.mx\/?page_id=6162"},"modified":"2017-12-11T20:34:45","modified_gmt":"2017-12-11T20:34:45","slug":"iecr","status":"publish","type":"page","link":"https:\/\/concepciondeloro.org.mx\/?page_id=6162","title":{"rendered":"IECR"},"content":{"rendered":"<p>&nbsp;<\/p>\n<div id=\"page\" class=\"hfeed site\">\n<div id=\"main\" class=\"site-main\">\n<div id=\"primary\" class=\"content-area\">\n<div id=\"content\" class=\"site-content\">\n<article id=\"post-5170\" class=\"post-5170 post type-post status-publish format-standard hentry category-art-39\">\n<header class=\"entry-header\">\n<div class=\"entry-meta\"><span class=\"cat-links\"><a href=\"http:\/\/www.elsalvadorzacatecas.org\/t\/?cat=71\" rel=\"category\">Art 39<\/a><\/span><\/div>\n<h1 class=\"entry-title\">IECR<\/h1>\n<div class=\"entry-meta\"><span class=\"entry-date\"><a href=\"http:\/\/www.elsalvadorzacatecas.org\/t\/?p=5170\" rel=\"bookmark\"><time class=\"entry-date\" datetime=\"2017-09-27T18:05:43+00:00\">28 septiembre, 2017<\/time><\/a><\/span><\/div>\n<\/header>\n<\/article>\n<div class=\"entry-meta\"><\/div>\n<article id=\"post-5170\" class=\"post-5170 post type-post status-publish format-standard hentry category-art-39\">\n<div class=\"entry-content\">\n<p><span style=\"font-size: 12pt;\">De acuerdo al t\u00edtulo tercero de Informaci\u00f3n Clasificada de la ley de Transparencia y Acceso a la Informaci\u00f3n Publica del Estado de Zacatecas donde manifiesta que cada \u00e1rea del Sujeto Obligado deber\u00e1 de realizar un \u00cdndice de expedientes clasificados como reservados por \u00e1rea responsable y tema, (ARTICULO 71).<\/span><\/p>\n<p><span style=\"font-size: 12pt;\">El \u00edndice deber\u00e1 elaborarse semestralmente y publicarse en Formatos Abiertos al d\u00eda siguiente de su elaboraci\u00f3n. Dicho \u00edndice deber\u00e1 indicar el \u00c1rea que gener\u00f3 la informaci\u00f3n, el nombre del Documento, si se trata de una reserva completa o parcial, la fecha en que inicia y finaliza la reserva, su justificaci\u00f3n, el plazo de reserva y, en su caso, las partes del Documento que se reservan y si se encuentra en pr\u00f3rroga, (ARTICULO 71).<\/span><\/p>\n<h1>INDICE DE EXPEDIENTES CLASIFICADOS COMO RESERVADOS (IECR)<\/h1>\n<ul>\n<li><a href=\"http:\/\/concepciondeloro.org.mx\/wp-content\/uploads\/2017\/09\/Aprobacion-del-IECR.pdf\">Aprobaci\u00f3n del IECR<\/a><\/li>\n<\/ul>\n<h2>SOLICITUD ARCO<\/h2>\n<ul>\n<li><a href=\"http:\/\/concepciondeloro.org.mx\/wp-content\/uploads\/2017\/09\/solicitud-ARCO.pdf\">Solicitud-ARCO<\/a><\/li>\n<\/ul>\n<h2>1ER SEMESTRE 2017<\/h2>\n<ul>\n<li><a href=\"http:\/\/concepciondeloro.org.mx\/wp-content\/uploads\/2017\/09\/IECR-C.-DEL-ORO-1-SEM-2017.pdf\">IECR C. DEL ORO 1ER SEMESTRE 2017<\/a><\/li>\n<li><a href=\"http:\/\/concepciondeloro.org.mx\/wp-content\/uploads\/2017\/09\/JUSTIFICACION-1-SEM.-2017-IECR-1.pdf\">JUSTIFICACI\u00d3N 1 SEM. 2017 IECR<\/a><\/li>\n<\/ul>\n<h2>2DO SEMESTRE 2016<\/h2>\n<ul>\n<li><a href=\"http:\/\/concepciondeloro.org.mx\/wp-content\/uploads\/2017\/09\/IECR-C.-DEL-ORO-2-SEM-2016.pdf\">IECR C. DEL ORO 2DO SEMESTRE 2016<\/a><\/li>\n<li><a href=\"http:\/\/concepciondeloro.org.mx\/wp-content\/uploads\/2017\/09\/JUSTIFICACION-2-SEM-2016-IECR.pdf\">JUSTIFICACI\u00d3N 2 SEM 2016 IECR<\/a><\/li>\n<\/ul>\n<\/div>\n<\/article>\n<\/div>\n<\/div>\n<\/div>\n<\/div>\n","protected":false},"excerpt":{"rendered":"<p>&nbsp; Art 39 IECR 28 septiembre, 2017 De acuerdo al t\u00edtulo tercero de Informaci\u00f3n Clasificada de la ley de Transparencia y Acceso a la Informaci\u00f3n Publica del Estado de Zacatecas donde manifiesta que cada \u00e1rea del Sujeto Obligado deber\u00e1 de realizar un \u00cdndice de expedientes clasificados como reservados por \u00e1rea responsable y tema, (ARTICULO 71). &hellip; <a href=\"https:\/\/concepciondeloro.org.mx\/?page_id=6162\" class=\"more-link\">Seguir leyendo <span class=\"screen-reader-text\">IECR<\/span> <span class=\"meta-nav\">&rarr;<\/span><\/a><\/p>\n","protected":false},"author":232,"featured_media":0,"parent":0,"menu_order":0,"comment_status":"closed","ping_status":"closed","template":"","meta":{"footnotes":""},"class_list":["post-6162","page","type-page","status-publish","hentry"],"_links":{"self":[{"href":"https:\/\/concepciondeloro.org.mx\/index.php?rest_route=\/wp\/v2\/pages\/6162","targetHints":{"allow":["GET"]}}],"collection":[{"href":"https:\/\/concepciondeloro.org.mx\/index.php?rest_route=\/wp\/v2\/pages"}],"about":[{"href":"https:\/\/concepciondeloro.org.mx\/index.php?rest_route=\/wp\/v2\/types\/page"}],"author":[{"embeddable":true,"href":"https:\/\/concepciondeloro.org.mx\/index.php?rest_route=\/wp\/v2\/users\/232"}],"replies":[{"embeddable":true,"href":"https:\/\/concepciondeloro.org.mx\/index.php?rest_route=%2Fwp%2Fv2%2Fcomments&post=6162"}],"version-history":[{"count":7,"href":"https:\/\/concepciondeloro.org.mx\/index.php?rest_route=\/wp\/v2\/pages\/6162\/revisions"}],"predecessor-version":[{"id":7782,"href":"https:\/\/concepciondeloro.org.mx\/index.php?rest_route=\/wp\/v2\/pages\/6162\/revisions\/7782"}],"wp:attachment":[{"href":"https:\/\/concepciondeloro.org.mx\/index.php?rest_route=%2Fwp%2Fv2%2Fmedia&parent=6162"}],"curies":[{"name":"wp","href":"https:\/\/api.w.org\/{rel}","templated":true}]}}